{"id":277,"date":"2025-11-25T01:20:10","date_gmt":"2025-11-25T00:20:10","guid":{"rendered":"https:\/\/albedo.waw.pl\/?page_id=277"},"modified":"2025-11-25T01:20:47","modified_gmt":"2025-11-25T00:20:47","slug":"polityka-prywatnosci","status":"publish","type":"page","link":"https:\/\/albedo.waw.pl\/index.php\/polityka-prywatnosci\/","title":{"rendered":"Polityka prywatno\u015bci"},"content":{"rendered":"\n<h1 class=\"wp-block-heading has-poppins-font-family has-custom-1-font-size\" style=\"font-style:normal;font-weight:300\">Polityka prywatno\u015bci<\/h1>\n\n\n\n<h2 class=\"wp-block-heading\">\u00a7.1\u202fPostanowienia Og\u00f3lne<\/h2>\n\n\n\n<p>1. Administratorem danych jest Albedo Investments Sp\u00f3\u0142ka z Ograniczon\u0105 Odpowiedzialno\u015bci\u0105, o numerze KRS 0000629842. Adres siedziby: Rondo Organizacji Narod\u00f3w Zjednoczonych 1 \/P.12, 00-124 Warszawa. Ochrona danych odbywa si\u0119 zgodnie z\u202fwymogami powszechnie obowi\u0105zuj\u0105cych przepis\u00f3w prawa, a\u202fich przechowywanie ma&nbsp;miejsce na\u202fzabezpieczonych serwerach.<br><br>2. Dla interpretacji termin\u00f3w stosuje si\u0119 s\u0142owniczek Regulaminu lub tak\u202fjak zosta\u0142o to\u202fopisane w\u202fPolityce Prywatno\u015bci (je\u017celi wynika to\u202fbezpo\u015brednio z\u202fopisu).<br><br>3. Na\u202fpotrzeby lepszego odbioru Polityki Prywatno\u015bci termin \u201eU\u017cytkownik\u201d zast\u0105piony zosta\u0142 okre\u015bleniem \u201eTy\u201d, \u201eAdministrator\u201d \u2013 \u201eMy\u201d. Termin \u201eRODO\u201d oznacza Rozporz\u0105dzenie Parlamentu Europejskiego i\u202fRady (UE) 2016\/679\u202fz\u202fdnia 27\u202fkwietnia 2016\u202fr. w\u202fsprawie ochrony os\u00f3b fizycznych w\u202fzwi\u0105zku z\u202fprzetwarzaniem danych osobowych i\u202fw\u202fsprawie swobodnego przep\u0142ywu takich danych oraz\u202fuchylenia dyrektywy 95\/46\/WE.<br><br>4. Szanujemy prawo do\u202fprywatno\u015bci i\u202fdbamy o\u202fbezpiecze\u0144stwo danych.<br><br>5. Dane osobowe podawane we&nbsp;wszystkich\u202fformularzach dzia\u0142aj\u0105cych na&nbsp;stronie internetowej s\u0105&nbsp;traktowane jako poufne i\u202fnie\u202fs\u0105 widoczne dla os\u00f3b nieuprawnionych.<br><br>&nbsp;<\/p>\n\n\n\n<h2 class=\"wp-block-heading\">\u00a72. Administrator Danych<\/h2>\n\n\n\n<p>6. Us\u0142ugodawca jest administratorem danych swoich klient\u00f3w. Oznacza to, \u017ce\u202fje\u015bli posiadasz Konto na\u202fnaszej stronie, to\u202fprzetwarzamy Twoje\u202fdane jak: imi\u0119, nazwisko, adres e-mail, numer telefonu, stanowisko, miejsce pracy, adres IP.<br><br>7. Us\u0142ugodawca jest tak\u017ce administratorem os\u00f3b zapisanych w\u202fformularzach kontaktowych dost\u0119pnych na\u202fnaszej stronie.<br><br>8. Dane osobowe przetwarzane s\u0105:<br><br>a. zgodnie z\u202fprzepisami dotycz\u0105cymi ochrony danych osobowych,<\/p>\n\n\n\n<p>b.&nbsp;zgodnie z\u202fwdro\u017con\u0105 Polityk\u0105 Prywatno\u015bci,<\/p>\n\n\n\n<p>c. w\u202fzakresie i\u202fcelu niezb\u0119dnym do\u202fnawi\u0105zania, ukszta\u0142towania tre\u015bci Umowy, zmiany b\u0105d\u017a jej rozwi\u0105zania oraz\u202fprawid\u0142owej realizacji Us\u0142ug \u015bwiadczonych drog\u0105 elektroniczn\u0105,<\/p>\n\n\n\n<p>d. w\u202fzakresie i\u202fcelu niezb\u0119dnym do\u202fwype\u0142nienia uzasadnionych interes\u00f3w (prawnie usprawiedliwionych cel\u00f3w), a\u202fprzetwarzanie nie\u202fnarusza praw i\u202fwolno\u015bci osoby, kt\u00f3rej\u202fdane dotycz\u0105,<\/p>\n\n\n\n<p>e. w\u202fzakresie i\u202fcelu zgodnym ze\u202fzgod\u0105 wyra\u017con\u0105 przez\u202fCiebie je\u015bli pozostawi\u0142e\u015b dane w\u202fformularzach kontaktowych na\u202fnaszej stronie.<br><br>9. Ka\u017cda osoba, kt\u00f3rej\u202fdane dotycz\u0105 (je\u017celi jeste\u015bmy ich administratorem) ma&nbsp;prawo dost\u0119pu do\u202fdanych, sprostowania, usuni\u0119cia lub ograniczenia przetwarzania, prawo sprzeciwu, prawo wniesienia skargi do\u202forganu nadzorczego.<br><br>10. Kontakt z\u202fosob\u0105 nadzoruj\u0105c\u0105 przetwarzanie danych osobowych w\u202forganizacji Us\u0142ugodawcy jest mo\u017cliwy drog\u0105 elektroniczn\u0105 pod\u202fadresem e-mail: investments@albedo.waw.pl<br><br>11. Zastrzegamy sobie prawo do\u202fprzetwarzania Twoich\u202fdanych po\u202frozwi\u0105zaniu Umowy lub cofni\u0119ciu zgody tylko\u202fw\u202fzakresie na\u202fpotrzeby dochodzenia ewentualnych roszcze\u0144 przed\u202fs\u0105dem lub je\u017celi przepisy krajowe albo\u202funijne b\u0105d\u017a prawa mi\u0119dzynarodowego obliguj\u0105 nas do\u202fretencji danych.<br><br>12. Us\u0142ugodawca ma&nbsp;prawo udost\u0119pnia\u0107 dane osobowe U\u017cytkownika oraz\u202finnych jego danych podmiotom upowa\u017cnionym na\u202fpodstawie w\u0142a\u015bciwych przepis\u00f3w prawa (np.\u202forganom \u015bcigania).<br><br>13. Usuni\u0119cie danych osobowych mo\u017ce nast\u0105pi\u0107 na\u202fskutek cofni\u0119cia zgody b\u0105d\u017a wniesienia prawnie dopuszczalnego sprzeciwu na\u202fprzetwarzanie danych osobowych.<br><br>14. Us\u0142ugodawca nie\u202fudost\u0119pniania danych osobowych innym podmiotom ani\u017celi upowa\u017cnionym na\u202fpodstawie w\u0142a\u015bciwych przepis\u00f3w prawa.<br><br>15. Wdro\u017cyli\u015bmy pseudonimizacj\u0119, szyfrowanie danych oraz\u202fmamy wprowadzon\u0105 kontrol\u0119 dost\u0119pu dzi\u0119ki czemu minimalizujemy skutki ewentualnego naruszenia bezpiecze\u0144stwa danych.<br><br>16. Dane osobowe przetwarzaj\u0105 osoby wy\u0142\u0105cznie upowa\u017cnione przez\u202fnas albo\u202fprzetwarzaj\u0105cy, z\u202fkt\u00f3rymi \u015bci\u015ble wsp\u00f3\u0142pracujemy.<br><br>&nbsp;<\/p>\n\n\n\n<h2 class=\"wp-block-heading\">\u00a73. Pliki cookies<\/h2>\n\n\n\n<p>&nbsp;<br><br>17. Witryna <a href=\"https:\/\/albedo.waw.pl\/\">https:\/\/albedo.waw.pl\/<\/a> u\u017cywa cookies. S\u0105&nbsp;to\u202fniewielkie pliki tekstowe wysy\u0142ane przez\u202fserwer www i\u202fprzechowywane przez\u202foprogramowanie komputera przegl\u0105darki. Kiedy przegl\u0105darka ponownie po\u0142\u0105czy si\u0119 ze\u202fstron\u0105, witryna rozpoznaje rodzaj urz\u0105dzenia, z\u202fkt\u00f3rego\u202f\u0142\u0105czy si\u0119 u\u017cytkownik. Parametry pozwalaj\u0105 na\u202fodczytanie informacji w\u202fnich zawartych jedynie serwerowi, kt\u00f3ry\u202fje utworzy\u0142. Cookies u\u0142atwiaj\u0105 wi\u0119c\u202fkorzystanie z\u202fwcze\u015bniej odwiedzonych witryn.<br><br>Gromadzone informacje dotycz\u0105 adresu IP, typu wykorzystywanej przegl\u0105darki, j\u0119zyka, rodzaju systemu operacyjnego, dostawcy us\u0142ug internetowych, informacji o\u202fczasie i\u202fdacie, lokalizacji oraz\u202finformacji przesy\u0142anych do\u202fwitryny za\u202fpo\u015brednictwem formularza kontaktowego.<br><br>18. Zebrane dane s\u0142u\u017c\u0105 do\u202fmonitorowania i\u202fsprawdzenia, w\u202fjaki spos\u00f3b u\u017cytkownicy korzystaj\u0105 z\u202fnaszych witryn, aby usprawnia\u0107 funkcjonowanie serwisu zapewniaj\u0105c bardziej efektywn\u0105 i\u202fbezproblemow\u0105 nawigacj\u0119. Monitorowania informacji o\u202fu\u017cytkownikach dokonujemy korzystaj\u0105c z\u202fnarz\u0119dzia Google Analytics, kt\u00f3re rejestruje zachowanie u\u017cytkownika na\u202fstronie.<br><br>Cookies identyfikuje u\u017cytkownika, co&nbsp;pozwala na\u202fdopasowanie tre\u015bci witryny, z\u202fkt\u00f3rej\u202fkorzysta, do\u202fjego potrzeb. Zapami\u0119tuj\u0105c jego preferencje, umo\u017cliwia odpowiednie dopasowanie skierowanych do\u202fniego reklam. Stosujemy pliki cookies, aby zagwarantowa\u0107 najwy\u017cszy standard wygody naszego serwisu, a\u202fzebrane dane s\u0105&nbsp;wykorzystywane jedynie wewn\u0105trz Wprowad\u017a nazw\u0119 firmy w\u202fcelu optymalizacji dzia\u0142a\u0144.<br><br>19. Na\u202fnaszej witrynie wykorzystujemy nast\u0119puj\u0105ce pliki cookies:<br><br>a) \u201eniezb\u0119dne\u201d pliki cookies, umo\u017cliwiaj\u0105ce korzystanie z\u202fus\u0142ug dost\u0119pnych w\u202framach serwisu, np.\u202fuwierzytelniaj\u0105ce pliki cookies wykorzystywane do\u202fus\u0142ug wymagaj\u0105cych uwierzytelniania w\u202framach serwisu;<\/p>\n\n\n\n<p>b) pliki cookies s\u0142u\u017c\u0105ce do\u202fzapewnienia bezpiecze\u0144stwa, np.\u202fwykorzystywane do\u202fwykrywania nadu\u017cy\u0107 w\u202fzakresie uwierzytelniania w\u202framach serwisu;<\/p>\n\n\n\n<p>c) \u201ewydajno\u015bciowe\u201d pliki cookies, umo\u017cliwiaj\u0105ce zbieranie informacji o\u202fsposobie korzystania ze\u202fstron internetowych serwisu;<\/p>\n\n\n\n<p>d) \u201efunkcjonalne\u201d pliki cookies, umo\u017cliwiaj\u0105ce \u201ezapami\u0119tanie\u201d wybranych przez\u202fu\u017cytkownika ustawie\u0144 i\u202fpersonalizacj\u0119 interfejsu u\u017cytkownika, np.\u202fw\u202fzakresie wybranego j\u0119zyka lub regionu, z\u202fkt\u00f3rego\u202fpochodzi u\u017cytkownik, rozmiaru czcionki, wygl\u0105du strony internetowej itp.;<\/p>\n\n\n\n<p>e) \u201ereklamowe\u201d pliki cookies, umo\u017cliwiaj\u0105ce dostarczanie u\u017cytkownikom tre\u015bci reklamowych bardziej dostosowanych do\u202fich zainteresowa\u0144.<br><br>20. U\u017cytkownik w\u202fka\u017cdej chwili ma&nbsp;mo\u017cliwo\u015b\u0107 wy\u0142\u0105czenia lub przywr\u00f3cenia opcji gromadzenia cookies poprzez zmian\u0119 ustawie\u0144 w\u202fprzegl\u0105darce internetowej. Instrukcja zarz\u0105dzania plikami cookies jest dost\u0119pna\u202f<a href=\"https:\/\/www.allaboutcookies.org\/manage-cookies\/\">TUTAJ<\/a>.<br><br>Dodatkowe dane osobowe, jak adres e-mail, zbierane s\u0105&nbsp;jedynie w\u202fmiejscach, w\u202fkt\u00f3rych\u202fu\u017cytkownik wype\u0142niaj\u0105c formularz wyra\u017anie wyrazi\u0142 na\u202fto\u202fzgod\u0119. Powy\u017csze dane zachowujemy i\u202fwykorzystujemy tylko\u202fdo\u202fpotrzeb niezb\u0119dnych do\u202fwykonania danej funkcji.<\/p>\n\n\n\n<p><\/p>\n","protected":false},"excerpt":{"rendered":"<p>Polityka prywatno\u015bci \u00a7.1\u202fPostanowienia Og\u00f3lne 1. Administratorem danych jest Albedo Investments Sp\u00f3\u0142ka z Ograniczon\u0105 Odpowiedzialno\u015bci\u0105, o numerze KRS 0000629842. Adres siedziby: Rondo Organizacji Narod\u00f3w Zjednoczonych 1 \/P.12, 00-124 Warszawa. Ochrona danych odbywa si\u0119 zgodnie z\u202fwymogami powszechnie obowi\u0105zuj\u0105cych przepis\u00f3w prawa, a\u202fich przechowywanie ma&nbsp;miejsce na\u202fzabezpieczonych serwerach. 2. Dla interpretacji termin\u00f3w stosuje si\u0119 s\u0142owniczek Regulaminu lub tak\u202fjak zosta\u0142o to\u202fopisane [&hellip;]<\/p>\n","protected":false},"author":1,"featured_media":0,"parent":0,"menu_order":0,"comment_status":"closed","ping_status":"closed","template":"","meta":{"footnotes":""},"class_list":["post-277","page","type-page","status-publish","hentry"],"_links":{"self":[{"href":"https:\/\/albedo.waw.pl\/index.php\/wp-json\/wp\/v2\/pages\/277","targetHints":{"allow":["GET"]}}],"collection":[{"href":"https:\/\/albedo.waw.pl\/index.php\/wp-json\/wp\/v2\/pages"}],"about":[{"href":"https:\/\/albedo.waw.pl\/index.php\/wp-json\/wp\/v2\/types\/page"}],"author":[{"embeddable":true,"href":"https:\/\/albedo.waw.pl\/index.php\/wp-json\/wp\/v2\/users\/1"}],"replies":[{"embeddable":true,"href":"https:\/\/albedo.waw.pl\/index.php\/wp-json\/wp\/v2\/comments?post=277"}],"version-history":[{"count":3,"href":"https:\/\/albedo.waw.pl\/index.php\/wp-json\/wp\/v2\/pages\/277\/revisions"}],"predecessor-version":[{"id":280,"href":"https:\/\/albedo.waw.pl\/index.php\/wp-json\/wp\/v2\/pages\/277\/revisions\/280"}],"wp:attachment":[{"href":"https:\/\/albedo.waw.pl\/index.php\/wp-json\/wp\/v2\/media?parent=277"}],"curies":[{"name":"wp","href":"https:\/\/api.w.org\/{rel}","templated":true}]}}