{"id":229,"date":"2025-11-25T00:01:43","date_gmt":"2025-11-24T23:01:43","guid":{"rendered":"https:\/\/albedo.waw.pl\/?page_id=229"},"modified":"2025-11-26T15:21:14","modified_gmt":"2025-11-26T14:21:14","slug":"szaserow-62","status":"publish","type":"page","link":"https:\/\/albedo.waw.pl\/index.php\/szaserow-62\/","title":{"rendered":"Szaser\u00f3w 62"},"content":{"rendered":"\n<div class=\"wp-block-group alignfull has-custom-lekkie-t-o-background-color has-background has-global-padding is-content-justification-center is-layout-constrained wp-container-core-group-is-layout-15c86cba wp-block-group-is-layout-constrained\" style=\"margin-top:0;margin-bottom:0;padding-top:0;padding-right:var(--wp--preset--spacing--40);padding-bottom:0;padding-left:var(--wp--preset--spacing--40)\">\n<h2 class=\"wp-block-heading has-text-align-center has-custom-czarny-color has-text-color has-link-color has-poppins-font-family has-custom-1-font-size wp-elements-37860ef8178c0b2177183597f37156b8\" id=\"szaserow-62\" style=\"font-style:normal;font-weight:300\">SZASER\u00d3W 62<\/h2>\n\n\n\n<div class=\"wp-block-columns alignwide is-layout-flex wp-container-core-columns-is-layout-d0bbbce0 wp-block-columns-is-layout-flex\">\n<div class=\"wp-block-column is-layout-flow wp-block-column-is-layout-flow\">\n<figure class=\"wp-block-image aligncenter size-full is-resized\"><img loading=\"lazy\" decoding=\"async\" width=\"926\" height=\"507\" src=\"https:\/\/albedo.waw.pl\/wp-content\/uploads\/2025\/11\/Szaserow-62-wiz-min.png\" alt=\"\" class=\"wp-image-115\" style=\"width:1279px;height:auto\" srcset=\"https:\/\/albedo.waw.pl\/wp-content\/uploads\/2025\/11\/Szaserow-62-wiz-min.png 926w, https:\/\/albedo.waw.pl\/wp-content\/uploads\/2025\/11\/Szaserow-62-wiz-min-300x164.png 300w, https:\/\/albedo.waw.pl\/wp-content\/uploads\/2025\/11\/Szaserow-62-wiz-min-768x420.png 768w\" sizes=\"auto, (max-width: 926px) 100vw, 926px\" \/><\/figure>\n<\/div>\n<\/div>\n\n\n\n<div style=\"height:8px\" aria-hidden=\"true\" class=\"wp-block-spacer\"><\/div>\n\n\n\n<h2 class=\"wp-block-heading has-custom-4-font-size\" style=\"font-style:normal;font-weight:300\">O inwestycji<\/h2>\n\n\n\n<div class=\"wp-block-columns alignwide is-layout-flex wp-container-core-columns-is-layout-8b4f7d90 wp-block-columns-is-layout-flex\" style=\"padding-top:0;padding-right:0;padding-bottom:0;padding-left:0\">\n<div class=\"wp-block-column is-layout-flow wp-block-column-is-layout-flow\">\n<p class=\"has-custom-5-font-size\" style=\"margin-top:0;margin-right:0;margin-bottom:0;margin-left:0;padding-right:0;padding-left:0;font-style:normal;font-weight:400\">Szaser\u00f3w\u202f62 to doskona\u0142e po\u0142\u0105czenie miejskiej wygody z&nbsp;kameralnym charakterem dzielnicy. Budynek po\u0142o\u017cony jest w&nbsp;sercu warszawskiej Pragi\u2011Po\u0142udnie, w spokojnej cz\u0119\u015bci Grochowa, w&nbsp;otoczeniu niskiej zabudowy oraz licznych teren\u00f3w zielonych.<\/p>\n<\/div>\n\n\n\n<div class=\"wp-block-column is-layout-flow wp-block-column-is-layout-flow\">\n<p class=\"has-poppins-font-family has-custom-5-font-size\" style=\"margin-right:0;margin-left:0;padding-right:0;padding-left:0;font-style:normal;font-weight:400\">W budynku znajduje si\u0119 13 lokali mieszkalnych o&nbsp;powierzchni od 44&nbsp;m<sup>2<\/sup> do 82&nbsp;m<sup>2<\/sup>, kt\u00f3re \u0142\u0105cz\u0105 funkcjonalno\u015b\u0107 z&nbsp;nowoczesnym stylem. Dodatkowo dost\u0119pne s\u0105 2&nbsp;lokale us\u0142ugowe oraz 15&nbsp;miejsc postojowych, zapewniaj\u0105cych mieszka\u0144com pe\u0142en komfort u\u017cytkowania.<\/p>\n<\/div>\n<\/div>\n\n\n\n<div style=\"height:16px\" aria-hidden=\"true\" class=\"wp-block-spacer\"><\/div>\n<\/div>\n\n\n\n<div class=\"wp-block-group alignfull has-custom-kremowa-biel-background-color has-background has-global-padding is-layout-constrained wp-container-core-group-is-layout-d9c7084d wp-block-group-is-layout-constrained\" style=\"margin-top:0;margin-bottom:0;padding-top:var(--wp--preset--spacing--30);padding-right:var(--wp--preset--spacing--40);padding-bottom:var(--wp--preset--spacing--30);padding-left:var(--wp--preset--spacing--40)\">\n<div class=\"wp-block-group is-vertical is-content-justification-center is-layout-flex wp-container-core-group-is-layout-52b864f0 wp-block-group-is-layout-flex\">\n<h2 class=\"wp-block-heading has-text-align-center is-style-default has-custom-4-font-size\">Lokalizacja<\/h2>\n\n\n\n<p class=\"has-text-align-center has-custom-3-font-size\">Odleg\u0142o\u015bci spacerem<\/p>\n<\/div>\n\n\n\n<div style=\"margin-top:0;margin-bottom:0;height:32px\" aria-hidden=\"true\" class=\"wp-block-spacer\"><\/div>\n\n\n\n<div class=\"wp-block-columns alignwide location-columns is-layout-flex wp-container-core-columns-is-layout-d0bbbce0 wp-block-columns-is-layout-flex\">\n<div class=\"wp-block-column location-column is-layout-flow wp-container-core-column-is-layout-e3d1c41b wp-block-column-is-layout-flow\">\n<figure class=\"wp-block-image size-large is-resized\"><img loading=\"lazy\" decoding=\"async\" width=\"64\" height=\"64\" src=\"https:\/\/albedo.waw.pl\/wp-content\/uploads\/2025\/11\/city-life-16.svg\" alt=\"\" class=\"wp-image-284\" style=\"width:auto;height:120px\"\/><\/figure>\n\n\n\n<h4 class=\"wp-block-heading has-text-align-left is-style-default has-body-font-family has-custom-2-font-size\" style=\"font-style:normal;font-weight:400\">Parki<\/h4>\n\n\n\n<p class=\"has-custom-5-font-size\">Park im. p\u0142k. Jana Szypkowskiego &#8222;Le\u015bnika&#8221; &#8211;&nbsp;8&nbsp;min<\/p>\n\n\n\n<p class=\"has-custom-5-font-size\">Rezerwat przyrody Olszynka Grochowska &#8211;&nbsp;20&nbsp;min<\/p>\n\n\n\n<p class=\"has-custom-5-font-size\">Park J\u00f3zefa Poli\u0144skiego &#8211;&nbsp;18&nbsp;min<\/p>\n\n\n\n<div style=\"margin-top:0;margin-bottom:0;height:16px\" aria-hidden=\"true\" class=\"wp-block-spacer\"><\/div>\n<\/div>\n\n\n\n<div class=\"wp-block-column location-column is-layout-flow wp-container-core-column-is-layout-e3d1c41b wp-block-column-is-layout-flow\">\n<figure class=\"wp-block-image size-large is-resized\"><img loading=\"lazy\" decoding=\"async\" width=\"64\" height=\"64\" src=\"https:\/\/albedo.waw.pl\/wp-content\/uploads\/2025\/11\/Bus-Trip-05.svg\" alt=\"\" class=\"wp-image-283\" style=\"width:auto;height:120px\"\/><\/figure>\n\n\n\n<h4 class=\"wp-block-heading has-text-align-left is-style-default has-body-font-family has-custom-2-font-size\" style=\"font-style:normal;font-weight:400\">Transport<\/h4>\n\n\n\n<p class=\"has-text-align-left has-custom-5-font-size\" style=\"font-style:normal;font-weight:400\">PKP Olszynka Grochowska &#8211;&nbsp;8&nbsp;min<\/p>\n\n\n\n<p class=\"has-text-align-left has-custom-5-font-size\" style=\"font-style:normal;font-weight:400\">Przystanek autobusowy &#8211;&nbsp;2&nbsp;min<\/p>\n\n\n\n<p class=\"has-text-align-left has-custom-5-font-size\" style=\"font-style:normal;font-weight:400\">Przystanek tramwajowy &#8211;&nbsp;9&nbsp;min<\/p>\n\n\n\n<div style=\"margin-top:0;margin-bottom:0;height:16px\" aria-hidden=\"true\" class=\"wp-block-spacer\"><\/div>\n<\/div>\n\n\n\n<div class=\"wp-block-column location-column is-layout-flow wp-container-core-column-is-layout-e3d1c41b wp-block-column-is-layout-flow\">\n<figure class=\"wp-block-image size-large is-resized\"><img loading=\"lazy\" decoding=\"async\" width=\"60\" height=\"64\" src=\"https:\/\/albedo.waw.pl\/wp-content\/uploads\/2025\/11\/university-16-1-1.svg\" alt=\"\" class=\"wp-image-293\" style=\"width:auto;height:120px\"\/><\/figure>\n\n\n\n<h4 class=\"wp-block-heading has-text-align-left is-style-default has-body-font-family has-custom-2-font-size\" style=\"font-style:normal;font-weight:400\">Edukacja<\/h4>\n\n\n\n<p class=\"has-text-align-left has-custom-5-font-size\" style=\"font-style:normal;font-weight:400\">Szko\u0142a podstawowa &#8211;&nbsp;3&nbsp;min<\/p>\n\n\n\n<p class=\"has-text-align-left has-custom-5-font-size\" style=\"font-style:normal;font-weight:400\">Przedszkole &#8211;&nbsp;2&nbsp;min<\/p>\n\n\n\n<p class=\"has-text-align-left has-custom-5-font-size\" style=\"font-style:normal;font-weight:400\">\u017b\u0142obek &#8211;&nbsp;4&nbsp;min<\/p>\n\n\n\n<div style=\"margin-top:0;margin-bottom:0;height:16px\" aria-hidden=\"true\" class=\"wp-block-spacer\"><\/div>\n<\/div>\n\n\n\n<div class=\"wp-block-column location-column is-layout-flow wp-container-core-column-is-layout-e3d1c41b wp-block-column-is-layout-flow\">\n<figure class=\"wp-block-image size-large is-resized\"><img loading=\"lazy\" decoding=\"async\" width=\"48\" height=\"58\" src=\"https:\/\/albedo.waw.pl\/wp-content\/uploads\/2025\/11\/shopping-13-2.svg\" alt=\"\" class=\"wp-image-294\" style=\"width:auto;height:120px\"\/><\/figure>\n\n\n\n<h4 class=\"wp-block-heading has-text-align-left is-style-default has-body-font-family has-custom-2-font-size\" style=\"font-style:normal;font-weight:400\">Zakupy<\/h4>\n\n\n\n<p class=\"has-text-align-left has-custom-5-font-size\" style=\"font-style:normal;font-weight:400\">Biedronka &#8211;&nbsp;2&nbsp;min<\/p>\n\n\n\n<p class=\"has-text-align-left has-custom-5-font-size\" style=\"font-style:normal;font-weight:400\">\u017babka &#8211;&nbsp;8&nbsp;min<\/p>\n\n\n\n<p class=\"has-text-align-left has-custom-5-font-size\" style=\"font-style:normal;font-weight:400\">Odido &#8211; 6&nbsp;min<\/p>\n\n\n\n<p class=\"has-text-align-left has-custom-5-font-size\" style=\"font-style:normal;font-weight:400\">Cukiernia &#8211;&nbsp;5&nbsp;min<\/p>\n\n\n\n<p class=\"has-text-align-left has-custom-5-font-size\" style=\"font-style:normal;font-weight:400\">Apteka &#8211;&nbsp;7&nbsp;min<\/p>\n\n\n\n<div style=\"margin-top:0;margin-bottom:0;height:16px\" aria-hidden=\"true\" class=\"wp-block-spacer\"><\/div>\n<\/div>\n\n\n\n<div class=\"wp-block-column location-column is-layout-flow wp-container-core-column-is-layout-e3d1c41b wp-block-column-is-layout-flow\">\n<figure class=\"wp-block-image size-large is-resized\"><img loading=\"lazy\" decoding=\"async\" width=\"64\" height=\"64\" src=\"https:\/\/albedo.waw.pl\/wp-content\/uploads\/2025\/11\/city-life-09.svg\" alt=\"\" class=\"wp-image-285\" style=\"width:auto;height:120px\"\/><\/figure>\n\n\n\n<h4 class=\"wp-block-heading has-text-align-left is-style-default has-body-font-family has-custom-2-font-size\" style=\"font-style:normal;font-weight:400\">Zdrowie<\/h4>\n\n\n\n<p class=\"has-text-align-left has-custom-5-font-size\" style=\"font-style:normal;font-weight:400\">Przychodnia medyczna &#8211;&nbsp;8&nbsp;min<\/p>\n\n\n\n<p class=\"has-text-align-left has-custom-5-font-size\" style=\"font-style:normal;font-weight:400\">Wojskowy Instytut Medyczny &#8211;&nbsp;20&nbsp;min<\/p>\n\n\n\n<p class=\"has-text-align-left has-custom-5-font-size\" style=\"font-style:normal;font-weight:400\">Stomatolog &#8211;&nbsp;4&nbsp;min<\/p>\n\n\n\n<div style=\"margin-top:0;margin-bottom:0;height:16px\" aria-hidden=\"true\" class=\"wp-block-spacer\"><\/div>\n<\/div>\n<\/div>\n<\/div>\n\n\n\n<div class=\"wp-block-cover alignfull\" style=\"margin-top:0;margin-bottom:0;min-height:520px;aspect-ratio:unset;\"><img loading=\"lazy\" decoding=\"async\" width=\"1024\" height=\"683\" class=\"wp-block-cover__image-background wp-image-271 size-large\" alt=\"\" src=\"https:\/\/albedo.waw.pl\/wp-content\/uploads\/2025\/11\/zdj-hol-min-1-1024x683.png\" style=\"object-position:51% 53%\" data-object-fit=\"cover\" data-object-position=\"51% 53%\" srcset=\"https:\/\/albedo.waw.pl\/wp-content\/uploads\/2025\/11\/zdj-hol-min-1-1024x683.png 1024w, https:\/\/albedo.waw.pl\/wp-content\/uploads\/2025\/11\/zdj-hol-min-1-300x200.png 300w, https:\/\/albedo.waw.pl\/wp-content\/uploads\/2025\/11\/zdj-hol-min-1-768x512.png 768w, https:\/\/albedo.waw.pl\/wp-content\/uploads\/2025\/11\/zdj-hol-min-1.png 1536w\" sizes=\"auto, (max-width: 1024px) 100vw, 1024px\" \/><span aria-hidden=\"true\" class=\"wp-block-cover__background has-custom-primary-background-color has-background-dim-40 has-background-dim\"><\/span><div class=\"wp-block-cover__inner-container has-global-padding is-layout-constrained wp-block-cover-is-layout-constrained\">\n<p class=\"has-text-align-center has-custom-kremowa-biel-color has-text-color has-link-color has-poppins-font-family has-custom-4-font-size wp-elements-5b36008173645ab107dde3ef39e62907\" style=\"font-style:normal;font-weight:200\">Skontaktuj si\u0119 z nami, aby pozna\u0107 ofert\u0119 mieszka\u0144.<\/p>\n<\/div><\/div>\n\n\n\n<div class=\"wp-block-group alignfull has-custom-lekkie-t-o-background-color has-background has-global-padding is-layout-constrained wp-container-core-group-is-layout-2bf434fa wp-block-group-is-layout-constrained\" style=\"margin-top:0;margin-bottom:0;padding-top:var(--wp--preset--spacing--30);padding-right:var(--wp--preset--spacing--40);padding-bottom:var(--wp--preset--spacing--30);padding-left:var(--wp--preset--spacing--40)\">\n<div class=\"wp-block-group is-vertical is-content-justification-center is-layout-flex wp-container-core-group-is-layout-52b864f0 wp-block-group-is-layout-flex\">\n<h2 class=\"wp-block-heading has-text-align-center is-style-default has-custom-4-font-size\">Cechy inwestycji<\/h2>\n<\/div>\n\n\n\n<div style=\"margin-top:0;margin-bottom:0;height:16px\" aria-hidden=\"true\" class=\"wp-block-spacer\"><\/div>\n\n\n\n<div class=\"wp-block-columns alignwide is-layout-flex wp-container-core-columns-is-layout-d0bbbce0 wp-block-columns-is-layout-flex\">\n<div class=\"wp-block-column is-layout-flow wp-container-core-column-is-layout-e3d1c41b wp-block-column-is-layout-flow\">\n<div class=\"wp-block-group is-nowrap is-layout-flex wp-container-core-group-is-layout-b3ddf66c wp-block-group-is-layout-flex\" style=\"margin-top:0;margin-bottom:0;padding-top:0;padding-bottom:0;line-height:2\">\n<figure class=\"wp-block-image size-full is-resized\"><img loading=\"lazy\" decoding=\"async\" width=\"90\" height=\"90\" src=\"https:\/\/albedo.waw.pl\/wp-content\/uploads\/2025\/11\/Monitoring-brown.svg\" alt=\"\" class=\"wp-image-301\" style=\"width:auto;height:90px\"\/><\/figure>\n\n\n\n<p class=\"has-poppins-font-family has-custom-3-font-size wp-container-content-9cfa9a5a\" style=\"font-style:normal;font-weight:400\">Monitoring<\/p>\n<\/div>\n\n\n\n<div class=\"wp-block-group is-nowrap is-layout-flex wp-container-core-group-is-layout-fc054d2d wp-block-group-is-layout-flex\">\n<figure class=\"wp-block-image size-full is-resized\"><img loading=\"lazy\" decoding=\"async\" width=\"90\" height=\"90\" src=\"https:\/\/albedo.waw.pl\/wp-content\/uploads\/2025\/11\/Domofon-brown.svg\" alt=\"\" class=\"wp-image-302\" style=\"width:auto;height:90px\"\/><\/figure>\n\n\n\n<p class=\"has-poppins-font-family has-custom-3-font-size wp-container-content-9cfa9a5a\" style=\"font-style:normal;font-weight:400;line-height:2\">Wideo domofon<\/p>\n<\/div>\n\n\n\n<div class=\"wp-block-group is-nowrap is-layout-flex wp-container-core-group-is-layout-fc054d2d wp-block-group-is-layout-flex\">\n<figure class=\"wp-block-image size-full\"><img loading=\"lazy\" decoding=\"async\" width=\"90\" height=\"90\" src=\"https:\/\/albedo.waw.pl\/wp-content\/uploads\/2025\/11\/Klimatyzacja-brown.svg\" alt=\"\" class=\"wp-image-304\"\/><\/figure>\n\n\n\n<p class=\"has-poppins-font-family has-custom-3-font-size wp-container-content-9cfa9a5a\" style=\"font-style:normal;font-weight:400;line-height:2\">Klimatyzacja<\/p>\n<\/div>\n\n\n\n<div class=\"wp-block-group is-nowrap is-layout-flex wp-container-core-group-is-layout-fc054d2d wp-block-group-is-layout-flex\">\n<figure class=\"wp-block-image size-full\"><img loading=\"lazy\" decoding=\"async\" width=\"90\" height=\"90\" src=\"https:\/\/albedo.waw.pl\/wp-content\/uploads\/2025\/11\/Wykonczenie-brown.svg\" alt=\"\" class=\"wp-image-305\"\/><\/figure>\n\n\n\n<p class=\"has-poppins-font-family has-custom-3-font-size wp-container-content-9cfa9a5a\" style=\"font-style:normal;font-weight:400;line-height:2\">Wysoki standard wyko\u0144czenia<\/p>\n<\/div>\n<\/div>\n\n\n\n<div class=\"wp-block-column is-layout-flow wp-container-core-column-is-layout-e3d1c41b wp-block-column-is-layout-flow\">\n<div class=\"wp-block-group is-nowrap is-layout-flex wp-container-core-group-is-layout-fc054d2d wp-block-group-is-layout-flex\">\n<figure class=\"wp-block-image size-full\"><img loading=\"lazy\" decoding=\"async\" width=\"90\" height=\"90\" src=\"https:\/\/albedo.waw.pl\/wp-content\/uploads\/2025\/11\/Kameralny-brown-1.svg\" alt=\"\" class=\"wp-image-306\"\/><\/figure>\n\n\n\n<p class=\"has-poppins-font-family has-custom-3-font-size wp-container-content-9cfa9a5a\" style=\"font-style:normal;font-weight:400;line-height:2\">Kameralny dom<\/p>\n<\/div>\n\n\n\n<div class=\"wp-block-group is-nowrap is-layout-flex wp-container-core-group-is-layout-fc054d2d wp-block-group-is-layout-flex\">\n<figure class=\"wp-block-image size-full\"><img loading=\"lazy\" decoding=\"async\" width=\"90\" height=\"90\" src=\"https:\/\/albedo.waw.pl\/wp-content\/uploads\/2025\/11\/Winda-brown.svg\" alt=\"\" class=\"wp-image-307\"\/><\/figure>\n\n\n\n<p class=\"has-poppins-font-family has-custom-3-font-size wp-container-content-9cfa9a5a\" style=\"font-style:normal;font-weight:400;line-height:2\">Windy<\/p>\n<\/div>\n\n\n\n<div class=\"wp-block-group is-nowrap is-layout-flex wp-container-core-group-is-layout-fc054d2d wp-block-group-is-layout-flex\">\n<figure class=\"wp-block-image size-full\"><img loading=\"lazy\" decoding=\"async\" width=\"90\" height=\"90\" src=\"https:\/\/albedo.waw.pl\/wp-content\/uploads\/2025\/11\/Garaz-brown.svg\" alt=\"\" class=\"wp-image-308\"\/><\/figure>\n\n\n\n<p class=\"has-poppins-font-family has-custom-3-font-size wp-container-content-9cfa9a5a\" style=\"font-style:normal;font-weight:400;line-height:2\">Gara\u017c podziemny<\/p>\n<\/div>\n\n\n\n<div class=\"wp-block-group is-nowrap is-layout-flex wp-container-core-group-is-layout-fc054d2d wp-block-group-is-layout-flex\">\n<figure class=\"wp-block-image size-full\"><img loading=\"lazy\" decoding=\"async\" width=\"90\" height=\"90\" src=\"https:\/\/albedo.waw.pl\/wp-content\/uploads\/2025\/11\/Rower-brown.svg\" alt=\"\" class=\"wp-image-309\"\/><\/figure>\n\n\n\n<p class=\"has-poppins-font-family has-custom-3-font-size wp-container-content-9cfa9a5a\" style=\"font-style:normal;font-weight:400;line-height:2\">Miejsca na rowery<\/p>\n<\/div>\n<\/div>\n<\/div>\n<\/div>\n\n\n\n<p><\/p>\n","protected":false},"excerpt":{"rendered":"<p>SZASER\u00d3W 62 O inwestycji Szaser\u00f3w\u202f62 to doskona\u0142e po\u0142\u0105czenie miejskiej wygody z&nbsp;kameralnym charakterem dzielnicy. Budynek po\u0142o\u017cony jest w&nbsp;sercu warszawskiej Pragi\u2011Po\u0142udnie, w spokojnej cz\u0119\u015bci Grochowa, w&nbsp;otoczeniu niskiej zabudowy oraz licznych teren\u00f3w zielonych. W budynku znajduje si\u0119 13 lokali mieszkalnych o&nbsp;powierzchni od 44&nbsp;m2 do 82&nbsp;m2, kt\u00f3re \u0142\u0105cz\u0105 funkcjonalno\u015b\u0107 z&nbsp;nowoczesnym stylem. Dodatkowo dost\u0119pne s\u0105 2&nbsp;lokale us\u0142ugowe oraz 15&nbsp;miejsc postojowych, [&hellip;]<\/p>\n","protected":false},"author":1,"featured_media":88,"parent":0,"menu_order":0,"comment_status":"closed","ping_status":"closed","template":"szaserow-62","meta":{"footnotes":""},"class_list":["post-229","page","type-page","status-publish","has-post-thumbnail","hentry"],"_links":{"self":[{"href":"https:\/\/albedo.waw.pl\/index.php\/wp-json\/wp\/v2\/pages\/229","targetHints":{"allow":["GET"]}}],"collection":[{"href":"https:\/\/albedo.waw.pl\/index.php\/wp-json\/wp\/v2\/pages"}],"about":[{"href":"https:\/\/albedo.waw.pl\/index.php\/wp-json\/wp\/v2\/types\/page"}],"author":[{"embeddable":true,"href":"https:\/\/albedo.waw.pl\/index.php\/wp-json\/wp\/v2\/users\/1"}],"replies":[{"embeddable":true,"href":"https:\/\/albedo.waw.pl\/index.php\/wp-json\/wp\/v2\/comments?post=229"}],"version-history":[{"count":36,"href":"https:\/\/albedo.waw.pl\/index.php\/wp-json\/wp\/v2\/pages\/229\/revisions"}],"predecessor-version":[{"id":341,"href":"https:\/\/albedo.waw.pl\/index.php\/wp-json\/wp\/v2\/pages\/229\/revisions\/341"}],"wp:featuredmedia":[{"embeddable":true,"href":"https:\/\/albedo.waw.pl\/index.php\/wp-json\/wp\/v2\/media\/88"}],"wp:attachment":[{"href":"https:\/\/albedo.waw.pl\/index.php\/wp-json\/wp\/v2\/media?parent=229"}],"curies":[{"name":"wp","href":"https:\/\/api.w.org\/{rel}","templated":true}]}}